{"id":14,"date":"2017-02-03T08:25:31","date_gmt":"2017-02-03T08:25:31","guid":{"rendered":"http:\/\/themes.muffingroup.com\/betheme\/?page_id=11"},"modified":"2025-02-10T19:30:42","modified_gmt":"2025-02-10T19:30:42","slug":"blog","status":"publish","type":"page","link":"https:\/\/temp.poziksinplea.com\/index.php\/blog\/","title":{"rendered":"Blog"},"content":{"rendered":"\t\t<div data-elementor-type=\"wp-page\" data-elementor-id=\"14\" class=\"elementor elementor-14\">\n\t\t\t\t<div class=\"elementor-element elementor-element-35bdeb0 e-flex e-con-boxed e-con e-parent\" data-id=\"35bdeb0\" data-element_type=\"container\">\n\t\t\t\t\t<div class=\"e-con-inner\">\n\t\t\t\t<div class=\"elementor-element elementor-element-b10e437 elementor-grid-3 elementor-grid-tablet-2 elementor-grid-mobile-1 elementor-posts--thumbnail-top elementor-widget elementor-widget-posts\" data-id=\"b10e437\" data-element_type=\"widget\" data-settings=\"{&quot;pagination_type&quot;:&quot;numbers_and_prev_next&quot;,&quot;classic_columns&quot;:&quot;3&quot;,&quot;classic_columns_tablet&quot;:&quot;2&quot;,&quot;classic_columns_mobile&quot;:&quot;1&quot;,&quot;classic_row_gap&quot;:{&quot;unit&quot;:&quot;px&quot;,&quot;size&quot;:35,&quot;sizes&quot;:[]},&quot;classic_row_gap_tablet&quot;:{&quot;unit&quot;:&quot;px&quot;,&quot;size&quot;:&quot;&quot;,&quot;sizes&quot;:[]},&quot;classic_row_gap_mobile&quot;:{&quot;unit&quot;:&quot;px&quot;,&quot;size&quot;:&quot;&quot;,&quot;sizes&quot;:[]}}\" data-widget_type=\"posts.classic\">\n\t\t\t\t<div class=\"elementor-widget-container\">\n\t\t\t\t\t\t\t<div class=\"elementor-posts-container elementor-posts elementor-posts--skin-classic elementor-grid\">\n\t\t\t\t<article class=\"elementor-post elementor-grid-item post-1781 post type-post status-publish format-standard has-post-thumbnail hentry category-blog\">\n\t\t\t\t<a class=\"elementor-post__thumbnail__link\" href=\"https:\/\/temp.poziksinplea.com\/index.php\/2025\/09\/18\/desarrolla-y-trabaja-con-equipos-profesionales\/\" >\n\t\t\t<div class=\"elementor-post__thumbnail\"><img fetchpriority=\"high\" decoding=\"async\" width=\"768\" height=\"432\" src=\"https:\/\/temp.poziksinplea.com\/wp-content\/uploads\/2025\/09\/POZ_NOV_28-1-768x432.png\" class=\"attachment-medium_large size-medium_large wp-image-1782\" alt=\"\" srcset=\"https:\/\/temp.poziksinplea.com\/wp-content\/uploads\/2025\/09\/POZ_NOV_28-1-768x432.png 768w, https:\/\/temp.poziksinplea.com\/wp-content\/uploads\/2025\/09\/POZ_NOV_28-1-300x169.png 300w, https:\/\/temp.poziksinplea.com\/wp-content\/uploads\/2025\/09\/POZ_NOV_28-1-1024x576.png 1024w, https:\/\/temp.poziksinplea.com\/wp-content\/uploads\/2025\/09\/POZ_NOV_28-1-1536x864.png 1536w, https:\/\/temp.poziksinplea.com\/wp-content\/uploads\/2025\/09\/POZ_NOV_28-1-260x146.png 260w, https:\/\/temp.poziksinplea.com\/wp-content\/uploads\/2025\/09\/POZ_NOV_28-1-50x28.png 50w, https:\/\/temp.poziksinplea.com\/wp-content\/uploads\/2025\/09\/POZ_NOV_28-1-133x75.png 133w, https:\/\/temp.poziksinplea.com\/wp-content\/uploads\/2025\/09\/POZ_NOV_28-1-1200x675.png 1200w, https:\/\/temp.poziksinplea.com\/wp-content\/uploads\/2025\/09\/POZ_NOV_28-1.png 1920w\" sizes=\"(max-width: 768px) 100vw, 768px\" \/><\/div>\n\t\t<\/a>\n\t\t\t\t<div class=\"elementor-post__text\">\n\t\t\t\t<h3 class=\"elementor-post__title\">\n\t\t\t<a href=\"https:\/\/temp.poziksinplea.com\/index.php\/2025\/09\/18\/desarrolla-y-trabaja-con-equipos-profesionales\/\" >\n\t\t\t\tDesarrolla y trabaja con equipos profesionales\t\t\t<\/a>\n\t\t<\/h3>\n\t\t\t\t<div class=\"elementor-post__meta-data\">\n\t\t\t\t\t<span class=\"elementor-post-date\">\n\t\t\tseptiembre 18, 2025\t\t<\/span>\n\t\t\t\t<\/div>\n\t\t\t\t<div class=\"elementor-post__excerpt\">\n\t\t\t<p>Desarrolla y trabaja con equipos profesionales \u201cEs que es muy dif\u00edcil\u201d La conformaci\u00f3n y fortalecimiento de los equipos directivos siempre debe enfocarse en contar con los<\/p>\n\t\t<\/div>\n\t\t\t\t\t<a class=\"elementor-post__read-more\" href=\"https:\/\/temp.poziksinplea.com\/index.php\/2025\/09\/18\/desarrolla-y-trabaja-con-equipos-profesionales\/\" >\n\t\t\t\tRead More \u00bb\t\t\t<\/a>\n\t\t\t\t<\/div>\n\t\t\t\t<\/article>\n\t\t\t\t<article class=\"elementor-post elementor-grid-item post-1774 post type-post status-publish format-standard has-post-thumbnail hentry category-blog tag-equilibrio tag-motivacion tag-motivacion-2 tag-tolerancia\">\n\t\t\t\t<a class=\"elementor-post__thumbnail__link\" href=\"https:\/\/temp.poziksinplea.com\/index.php\/2025\/08\/21\/te-distingues-por-drenar-a-tu-equipo\/\" >\n\t\t\t<div class=\"elementor-post__thumbnail\"><img decoding=\"async\" width=\"768\" height=\"430\" src=\"https:\/\/temp.poziksinplea.com\/wp-content\/uploads\/2025\/08\/Screen-Shot-2025-08-21-at-10.00.46-a.m-768x430.png\" class=\"attachment-medium_large size-medium_large wp-image-1776\" alt=\"\" srcset=\"https:\/\/temp.poziksinplea.com\/wp-content\/uploads\/2025\/08\/Screen-Shot-2025-08-21-at-10.00.46-a.m-768x430.png 768w, https:\/\/temp.poziksinplea.com\/wp-content\/uploads\/2025\/08\/Screen-Shot-2025-08-21-at-10.00.46-a.m-300x168.png 300w, https:\/\/temp.poziksinplea.com\/wp-content\/uploads\/2025\/08\/Screen-Shot-2025-08-21-at-10.00.46-a.m-1024x574.png 1024w, https:\/\/temp.poziksinplea.com\/wp-content\/uploads\/2025\/08\/Screen-Shot-2025-08-21-at-10.00.46-a.m-1536x861.png 1536w, https:\/\/temp.poziksinplea.com\/wp-content\/uploads\/2025\/08\/Screen-Shot-2025-08-21-at-10.00.46-a.m-2048x1148.png 2048w, https:\/\/temp.poziksinplea.com\/wp-content\/uploads\/2025\/08\/Screen-Shot-2025-08-21-at-10.00.46-a.m-260x146.png 260w, https:\/\/temp.poziksinplea.com\/wp-content\/uploads\/2025\/08\/Screen-Shot-2025-08-21-at-10.00.46-a.m-50x28.png 50w, https:\/\/temp.poziksinplea.com\/wp-content\/uploads\/2025\/08\/Screen-Shot-2025-08-21-at-10.00.46-a.m-134x75.png 134w\" sizes=\"(max-width: 768px) 100vw, 768px\" \/><\/div>\n\t\t<\/a>\n\t\t\t\t<div class=\"elementor-post__text\">\n\t\t\t\t<h3 class=\"elementor-post__title\">\n\t\t\t<a href=\"https:\/\/temp.poziksinplea.com\/index.php\/2025\/08\/21\/te-distingues-por-drenar-a-tu-equipo\/\" >\n\t\t\t\t\u00bfTe distingues por drenar a tu equipo?\t\t\t<\/a>\n\t\t<\/h3>\n\t\t\t\t<div class=\"elementor-post__meta-data\">\n\t\t\t\t\t<span class=\"elementor-post-date\">\n\t\t\tagosto 21, 2025\t\t<\/span>\n\t\t\t\t<\/div>\n\t\t\t\t<div class=\"elementor-post__excerpt\">\n\t\t\t<p>\u00bfTe distigues por drenar a tu equipo? \u00a0 \u00abTienen que estar al pendiente todo el tiempo.\u00bb\u00a0 \u00a0 Es com\u00fan observar que muchos empresarios y directivos esperan<\/p>\n\t\t<\/div>\n\t\t\t\t\t<a class=\"elementor-post__read-more\" href=\"https:\/\/temp.poziksinplea.com\/index.php\/2025\/08\/21\/te-distingues-por-drenar-a-tu-equipo\/\" >\n\t\t\t\tRead More \u00bb\t\t\t<\/a>\n\t\t\t\t<\/div>\n\t\t\t\t<\/article>\n\t\t\t\t<article class=\"elementor-post elementor-grid-item post-1765 post type-post status-publish format-standard has-post-thumbnail hentry category-blog tag-metas\">\n\t\t\t\t<a class=\"elementor-post__thumbnail__link\" href=\"https:\/\/temp.poziksinplea.com\/index.php\/2025\/07\/17\/otra-vez-las-metas\/\" >\n\t\t\t<div class=\"elementor-post__thumbnail\"><img decoding=\"async\" width=\"768\" height=\"432\" src=\"https:\/\/temp.poziksinplea.com\/wp-content\/uploads\/2025\/06\/POZ_NOV_14-768x432.png\" class=\"attachment-medium_large size-medium_large wp-image-1766\" alt=\"\" srcset=\"https:\/\/temp.poziksinplea.com\/wp-content\/uploads\/2025\/06\/POZ_NOV_14-768x432.png 768w, https:\/\/temp.poziksinplea.com\/wp-content\/uploads\/2025\/06\/POZ_NOV_14-300x169.png 300w, https:\/\/temp.poziksinplea.com\/wp-content\/uploads\/2025\/06\/POZ_NOV_14-1024x576.png 1024w, https:\/\/temp.poziksinplea.com\/wp-content\/uploads\/2025\/06\/POZ_NOV_14-1536x864.png 1536w, https:\/\/temp.poziksinplea.com\/wp-content\/uploads\/2025\/06\/POZ_NOV_14-260x146.png 260w, https:\/\/temp.poziksinplea.com\/wp-content\/uploads\/2025\/06\/POZ_NOV_14-50x28.png 50w, https:\/\/temp.poziksinplea.com\/wp-content\/uploads\/2025\/06\/POZ_NOV_14-133x75.png 133w, https:\/\/temp.poziksinplea.com\/wp-content\/uploads\/2025\/06\/POZ_NOV_14-1200x675.png 1200w, https:\/\/temp.poziksinplea.com\/wp-content\/uploads\/2025\/06\/POZ_NOV_14.png 1920w\" sizes=\"(max-width: 768px) 100vw, 768px\" \/><\/div>\n\t\t<\/a>\n\t\t\t\t<div class=\"elementor-post__text\">\n\t\t\t\t<h3 class=\"elementor-post__title\">\n\t\t\t<a href=\"https:\/\/temp.poziksinplea.com\/index.php\/2025\/07\/17\/otra-vez-las-metas\/\" >\n\t\t\t\tOtra vez las metas\t\t\t<\/a>\n\t\t<\/h3>\n\t\t\t\t<div class=\"elementor-post__meta-data\">\n\t\t\t\t\t<span class=\"elementor-post-date\">\n\t\t\tjulio 17, 2025\t\t<\/span>\n\t\t\t\t<\/div>\n\t\t\t\t<div class=\"elementor-post__excerpt\">\n\t\t\t<p>Otra vez las metas \u201cEstoy muy ocupado todo el d\u00eda\u201d \u00a0 Entre los pendientes del d\u00eda a d\u00eda, es f\u00e1cil perderse en las tareas y olvidarse<\/p>\n\t\t<\/div>\n\t\t\t\t\t<a class=\"elementor-post__read-more\" href=\"https:\/\/temp.poziksinplea.com\/index.php\/2025\/07\/17\/otra-vez-las-metas\/\" >\n\t\t\t\tRead More \u00bb\t\t\t<\/a>\n\t\t\t\t<\/div>\n\t\t\t\t<\/article>\n\t\t\t\t<article class=\"elementor-post elementor-grid-item post-1761 post type-post status-publish format-standard has-post-thumbnail hentry category-blog tag-desempeno tag-directivo tag-integridad tag-responsabilidades\">\n\t\t\t\t<a class=\"elementor-post__thumbnail__link\" href=\"https:\/\/temp.poziksinplea.com\/index.php\/2025\/06\/19\/la-familia-en-la-empresa\/\" >\n\t\t\t<div class=\"elementor-post__thumbnail\"><img loading=\"lazy\" decoding=\"async\" width=\"768\" height=\"432\" src=\"https:\/\/temp.poziksinplea.com\/wp-content\/uploads\/2025\/05\/POZ_MAY_29-768x432.png\" class=\"attachment-medium_large size-medium_large wp-image-1763\" alt=\"\" srcset=\"https:\/\/temp.poziksinplea.com\/wp-content\/uploads\/2025\/05\/POZ_MAY_29-768x432.png 768w, https:\/\/temp.poziksinplea.com\/wp-content\/uploads\/2025\/05\/POZ_MAY_29-300x169.png 300w, https:\/\/temp.poziksinplea.com\/wp-content\/uploads\/2025\/05\/POZ_MAY_29-1024x576.png 1024w, https:\/\/temp.poziksinplea.com\/wp-content\/uploads\/2025\/05\/POZ_MAY_29-1536x864.png 1536w, https:\/\/temp.poziksinplea.com\/wp-content\/uploads\/2025\/05\/POZ_MAY_29-260x146.png 260w, https:\/\/temp.poziksinplea.com\/wp-content\/uploads\/2025\/05\/POZ_MAY_29-50x28.png 50w, https:\/\/temp.poziksinplea.com\/wp-content\/uploads\/2025\/05\/POZ_MAY_29-133x75.png 133w, https:\/\/temp.poziksinplea.com\/wp-content\/uploads\/2025\/05\/POZ_MAY_29-1200x675.png 1200w, https:\/\/temp.poziksinplea.com\/wp-content\/uploads\/2025\/05\/POZ_MAY_29.png 1920w\" sizes=\"(max-width: 768px) 100vw, 768px\" \/><\/div>\n\t\t<\/a>\n\t\t\t\t<div class=\"elementor-post__text\">\n\t\t\t\t<h3 class=\"elementor-post__title\">\n\t\t\t<a href=\"https:\/\/temp.poziksinplea.com\/index.php\/2025\/06\/19\/la-familia-en-la-empresa\/\" >\n\t\t\t\tLa familia en la empresa\t\t\t<\/a>\n\t\t<\/h3>\n\t\t\t\t<div class=\"elementor-post__meta-data\">\n\t\t\t\t\t<span class=\"elementor-post-date\">\n\t\t\tjunio 19, 2025\t\t<\/span>\n\t\t\t\t<\/div>\n\t\t\t\t<div class=\"elementor-post__excerpt\">\n\t\t\t<p>Ya se lo gan\u00f3 Hace poco, un empresario me platic\u00f3 que hab\u00eda decidido nombrar a su hijo mayor como director general de su negocio familiar. Sin<\/p>\n\t\t<\/div>\n\t\t\t\t\t<a class=\"elementor-post__read-more\" href=\"https:\/\/temp.poziksinplea.com\/index.php\/2025\/06\/19\/la-familia-en-la-empresa\/\" >\n\t\t\t\tRead More \u00bb\t\t\t<\/a>\n\t\t\t\t<\/div>\n\t\t\t\t<\/article>\n\t\t\t\t<article class=\"elementor-post elementor-grid-item post-1756 post type-post status-publish format-standard has-post-thumbnail hentry category-blog tag-canales tag-equilibrio tag-organizacion tag-valvulas\">\n\t\t\t\t<a class=\"elementor-post__thumbnail__link\" href=\"https:\/\/temp.poziksinplea.com\/index.php\/2025\/05\/15\/valvulas-de-escape\/\" >\n\t\t\t<div class=\"elementor-post__thumbnail\"><img loading=\"lazy\" decoding=\"async\" width=\"768\" height=\"432\" src=\"https:\/\/temp.poziksinplea.com\/wp-content\/uploads\/2025\/05\/POZ_MAY_15-768x432.png\" class=\"attachment-medium_large size-medium_large wp-image-1758\" alt=\"\" srcset=\"https:\/\/temp.poziksinplea.com\/wp-content\/uploads\/2025\/05\/POZ_MAY_15-768x432.png 768w, https:\/\/temp.poziksinplea.com\/wp-content\/uploads\/2025\/05\/POZ_MAY_15-300x169.png 300w, https:\/\/temp.poziksinplea.com\/wp-content\/uploads\/2025\/05\/POZ_MAY_15-1024x576.png 1024w, https:\/\/temp.poziksinplea.com\/wp-content\/uploads\/2025\/05\/POZ_MAY_15-1536x864.png 1536w, https:\/\/temp.poziksinplea.com\/wp-content\/uploads\/2025\/05\/POZ_MAY_15-260x146.png 260w, https:\/\/temp.poziksinplea.com\/wp-content\/uploads\/2025\/05\/POZ_MAY_15-50x28.png 50w, https:\/\/temp.poziksinplea.com\/wp-content\/uploads\/2025\/05\/POZ_MAY_15-133x75.png 133w, https:\/\/temp.poziksinplea.com\/wp-content\/uploads\/2025\/05\/POZ_MAY_15-1200x675.png 1200w, https:\/\/temp.poziksinplea.com\/wp-content\/uploads\/2025\/05\/POZ_MAY_15.png 1920w\" sizes=\"(max-width: 768px) 100vw, 768px\" \/><\/div>\n\t\t<\/a>\n\t\t\t\t<div class=\"elementor-post__text\">\n\t\t\t\t<h3 class=\"elementor-post__title\">\n\t\t\t<a href=\"https:\/\/temp.poziksinplea.com\/index.php\/2025\/05\/15\/valvulas-de-escape\/\" >\n\t\t\t\tV\u00e1lvulas de escape\t\t\t<\/a>\n\t\t<\/h3>\n\t\t\t\t<div class=\"elementor-post__meta-data\">\n\t\t\t\t\t<span class=\"elementor-post-date\">\n\t\t\tmayo 15, 2025\t\t<\/span>\n\t\t\t\t<\/div>\n\t\t\t\t<div class=\"elementor-post__excerpt\">\n\t\t\t<p>Es que todos estamos muy estresados El estado de \u00e1nimo de la empresa es un factor vital en la vida de la organizaci\u00f3n, y resulta sorprendente<\/p>\n\t\t<\/div>\n\t\t\t\t\t<a class=\"elementor-post__read-more\" href=\"https:\/\/temp.poziksinplea.com\/index.php\/2025\/05\/15\/valvulas-de-escape\/\" >\n\t\t\t\tRead More \u00bb\t\t\t<\/a>\n\t\t\t\t<\/div>\n\t\t\t\t<\/article>\n\t\t\t\t<article class=\"elementor-post elementor-grid-item post-1746 post type-post status-publish format-standard has-post-thumbnail hentry category-blog tag-comunicacion tag-disciplina tag-herramientas-clave tag-impacto tag-progreso\">\n\t\t\t\t<a class=\"elementor-post__thumbnail__link\" href=\"https:\/\/temp.poziksinplea.com\/index.php\/2025\/04\/24\/tener-reportes-periodicos-clave\/\" >\n\t\t\t<div class=\"elementor-post__thumbnail\"><img loading=\"lazy\" decoding=\"async\" width=\"768\" height=\"432\" src=\"https:\/\/temp.poziksinplea.com\/wp-content\/uploads\/2025\/04\/POZ_NOV_21-1-768x432.png\" class=\"attachment-medium_large size-medium_large wp-image-1747\" alt=\"\" srcset=\"https:\/\/temp.poziksinplea.com\/wp-content\/uploads\/2025\/04\/POZ_NOV_21-1-768x432.png 768w, https:\/\/temp.poziksinplea.com\/wp-content\/uploads\/2025\/04\/POZ_NOV_21-1-300x169.png 300w, https:\/\/temp.poziksinplea.com\/wp-content\/uploads\/2025\/04\/POZ_NOV_21-1-1024x576.png 1024w, https:\/\/temp.poziksinplea.com\/wp-content\/uploads\/2025\/04\/POZ_NOV_21-1-1536x864.png 1536w, https:\/\/temp.poziksinplea.com\/wp-content\/uploads\/2025\/04\/POZ_NOV_21-1-260x146.png 260w, https:\/\/temp.poziksinplea.com\/wp-content\/uploads\/2025\/04\/POZ_NOV_21-1-50x28.png 50w, https:\/\/temp.poziksinplea.com\/wp-content\/uploads\/2025\/04\/POZ_NOV_21-1-133x75.png 133w, https:\/\/temp.poziksinplea.com\/wp-content\/uploads\/2025\/04\/POZ_NOV_21-1-1200x675.png 1200w, https:\/\/temp.poziksinplea.com\/wp-content\/uploads\/2025\/04\/POZ_NOV_21-1.png 1920w\" sizes=\"(max-width: 768px) 100vw, 768px\" \/><\/div>\n\t\t<\/a>\n\t\t\t\t<div class=\"elementor-post__text\">\n\t\t\t\t<h3 class=\"elementor-post__title\">\n\t\t\t<a href=\"https:\/\/temp.poziksinplea.com\/index.php\/2025\/04\/24\/tener-reportes-periodicos-clave\/\" >\n\t\t\t\tTener reportes peri\u00f3dicos clave\t\t\t<\/a>\n\t\t<\/h3>\n\t\t\t\t<div class=\"elementor-post__meta-data\">\n\t\t\t\t\t<span class=\"elementor-post-date\">\n\t\t\tabril 24, 2025\t\t<\/span>\n\t\t\t\t<\/div>\n\t\t\t\t<div class=\"elementor-post__excerpt\">\n\t\t\t<p>Tener reportes peri\u00f3dicos clave \u201c\u00bfEs que por qu\u00e9 no saben?\u201d Rendir cuentas es parte fundamental de la vida, y en las organizaciones, es a\u00fan m\u00e1s crucial.<\/p>\n\t\t<\/div>\n\t\t\t\t\t<a class=\"elementor-post__read-more\" href=\"https:\/\/temp.poziksinplea.com\/index.php\/2025\/04\/24\/tener-reportes-periodicos-clave\/\" >\n\t\t\t\tRead More \u00bb\t\t\t<\/a>\n\t\t\t\t<\/div>\n\t\t\t\t<\/article>\n\t\t\t\t<\/div>\n\n\n\t\t\n\t\t\t\t<div class=\"e-load-more-anchor\" data-page=\"1\" data-max-page=\"4\" data-next-page=\"https:\/\/temp.poziksinplea.com\/index.php\/wp-json\/wp\/v2\/pages\/14\/page\/2\/\"><\/div>\n\t\t\t\t<nav class=\"elementor-pagination\" role=\"navigation\" aria-label=\"Pagination\">\n\t\t\t<span class=\"page-numbers prev\">&laquo; Anterior<\/span>\n<span aria-current=\"page\" class=\"page-numbers current\"><span class=\"elementor-screen-only\">Page<\/span>1<\/span>\n<a class=\"page-numbers\" href=\"https:\/\/temp.poziksinplea.com\/index.php\/wp-json\/wp\/v2\/pages\/14\/page\/2\/\"><span class=\"elementor-screen-only\">Page<\/span>2<\/a>\n<a class=\"page-numbers\" href=\"https:\/\/temp.poziksinplea.com\/index.php\/wp-json\/wp\/v2\/pages\/14\/page\/3\/\"><span class=\"elementor-screen-only\">Page<\/span>3<\/a>\n<a class=\"page-numbers\" href=\"https:\/\/temp.poziksinplea.com\/index.php\/wp-json\/wp\/v2\/pages\/14\/page\/4\/\"><span class=\"elementor-screen-only\">Page<\/span>4<\/a>\n<a class=\"page-numbers next\" href=\"https:\/\/temp.poziksinplea.com\/index.php\/wp-json\/wp\/v2\/pages\/14\/page\/2\/\">Siguiente &raquo;<\/a>\t\t<\/nav>\n\t\t\t\t\t\t<\/div>\n\t\t\t\t<\/div>\n\t\t\t\t\t<\/div>\n\t\t\t\t<\/div>\n\t\t\t\t<\/div>\n\t\t","protected":false},"excerpt":{"rendered":"Tener reportes peri\u00f3dicos clave \u201c\u00bfEs que por qu\u00e9 no saben?\u201d Rendir cuentas es parte fundamental de la vida, y en las organizaciones, es a\u00fan m\u00e1s crucial.<span class=\"excerpt-hellip\"> [\u2026]<\/span>","protected":false},"author":1,"featured_media":0,"parent":0,"menu_order":0,"comment_status":"closed","ping_status":"closed","template":"","meta":{"footnotes":""},"class_list":["post-14","page","type-page","status-publish","hentry"],"_links":{"self":[{"href":"https:\/\/temp.poziksinplea.com\/index.php\/wp-json\/wp\/v2\/pages\/14","targetHints":{"allow":["GET"]}}],"collection":[{"href":"https:\/\/temp.poziksinplea.com\/index.php\/wp-json\/wp\/v2\/pages"}],"about":[{"href":"https:\/\/temp.poziksinplea.com\/index.php\/wp-json\/wp\/v2\/types\/page"}],"author":[{"embeddable":true,"href":"https:\/\/temp.poziksinplea.com\/index.php\/wp-json\/wp\/v2\/users\/1"}],"replies":[{"embeddable":true,"href":"https:\/\/temp.poziksinplea.com\/index.php\/wp-json\/wp\/v2\/comments?post=14"}],"version-history":[{"count":27,"href":"https:\/\/temp.poziksinplea.com\/index.php\/wp-json\/wp\/v2\/pages\/14\/revisions"}],"predecessor-version":[{"id":1614,"href":"https:\/\/temp.poziksinplea.com\/index.php\/wp-json\/wp\/v2\/pages\/14\/revisions\/1614"}],"wp:attachment":[{"href":"https:\/\/temp.poziksinplea.com\/index.php\/wp-json\/wp\/v2\/media?parent=14"}],"curies":[{"name":"wp","href":"https:\/\/api.w.org\/{rel}","templated":true}]}}