{"id":130,"date":"2023-10-18T17:29:35","date_gmt":"2023-10-18T17:29:35","guid":{"rendered":"https:\/\/poziksinplea.com\/wordpress\/?page_id=130"},"modified":"2024-02-20T15:57:53","modified_gmt":"2024-02-20T15:57:53","slug":"fabian-uribarren","status":"publish","type":"page","link":"https:\/\/temp.poziksinplea.com\/index.php\/fabian-uribarren\/","title":{"rendered":"Fabian Uribarren"},"content":{"rendered":"\t\t<div data-elementor-type=\"wp-page\" data-elementor-id=\"130\" class=\"elementor elementor-130\">\n\t\t\t\t<div class=\"elementor-element elementor-element-1324e92 e-flex e-con-boxed e-con e-parent\" data-id=\"1324e92\" data-element_type=\"container\" data-settings=\"{&quot;background_background&quot;:&quot;classic&quot;}\">\n\t\t\t\t\t<div class=\"e-con-inner\">\n\t\t<div class=\"elementor-element elementor-element-73bb6ca e-con-full e-flex e-con e-child\" data-id=\"73bb6ca\" data-element_type=\"container\">\n\t\t\t\t<div class=\"elementor-element elementor-element-7e207c0 elementor-widget elementor-widget-text-editor\" data-id=\"7e207c0\" data-element_type=\"widget\" data-widget_type=\"text-editor.default\">\n\t\t\t\t<div class=\"elementor-widget-container\">\n\t\t\t\t\t\t\t\t\t<h1>\u00a1Hola! Soy <strong>Fabi\u00e1n Uribarren<\/strong>\u00a0<\/h1><p>Desde muy joven, tuve la oportunidad de ocupar la Direcci\u00f3n General de diversas organizaciones y me apasion\u00f3 el poder inspirar a tanta gente. Me di cuenta que los resultados son fundamentales,\u00a0y que sin el equipo ideal, \u00e9stos no llegan.<\/p><p>He tenido la oportunidad de hacer negocios y dirigir organizaciones, unas peque\u00f1as, pero tambi\u00e9n, medianas y de gran tama\u00f1o, en diferentes pa\u00edses y de diversos giros. As\u00ed como estar en un sinn\u00famero de situaciones de negocio, unas de bonanza y otras muy adversas y de todas he aprendido mucho. <span style=\"text-align: var(--text-align); letter-spacing: 0px;\">Tanto, que en 2021 me aventur\u00e9 a formar <strong>Pozik &amp; Sinplea.<\/strong> Hoy tengo la fortuna de poder decir que, m\u00e1s que haber logrado grandes resultados,<\/span>\u00a0he apoyado en la transformaci\u00f3n de personas desarrollando su talento y potencial para lograr los objetivos que buscan.<\/p>\t\t\t\t\t\t\t\t<\/div>\n\t\t\t\t<\/div>\n\t\t\t\t<\/div>\n\t\t<div class=\"elementor-element elementor-element-b1452da e-con-full e-flex e-con e-child\" data-id=\"b1452da\" data-element_type=\"container\">\n\t\t\t\t<div class=\"elementor-element elementor-element-d8123f1 elementor-widget elementor-widget-image\" data-id=\"d8123f1\" data-element_type=\"widget\" data-settings=\"{&quot;_animation_mobile&quot;:&quot;fadeIn&quot;}\" data-widget_type=\"image.default\">\n\t\t\t\t<div class=\"elementor-widget-container\">\n\t\t\t\t\t\t\t\t\t\t\t\t\t\t\t<img fetchpriority=\"high\" decoding=\"async\" width=\"300\" height=\"300\" src=\"https:\/\/temp.poziksinplea.com\/wp-content\/uploads\/2024\/02\/layer-interior-1-300x300.png\" class=\"elementor-animation-grow attachment-medium size-medium wp-image-1446\" alt=\"\" srcset=\"https:\/\/temp.poziksinplea.com\/wp-content\/uploads\/2024\/02\/layer-interior-1-300x300.png 300w, https:\/\/temp.poziksinplea.com\/wp-content\/uploads\/2024\/02\/layer-interior-1-150x150.png 150w, https:\/\/temp.poziksinplea.com\/wp-content\/uploads\/2024\/02\/layer-interior-1-146x146.png 146w, https:\/\/temp.poziksinplea.com\/wp-content\/uploads\/2024\/02\/layer-interior-1-50x50.png 50w, https:\/\/temp.poziksinplea.com\/wp-content\/uploads\/2024\/02\/layer-interior-1-75x75.png 75w, https:\/\/temp.poziksinplea.com\/wp-content\/uploads\/2024\/02\/layer-interior-1-85x85.png 85w, https:\/\/temp.poziksinplea.com\/wp-content\/uploads\/2024\/02\/layer-interior-1-80x80.png 80w, https:\/\/temp.poziksinplea.com\/wp-content\/uploads\/2024\/02\/layer-interior-1.png 698w\" sizes=\"(max-width: 300px) 100vw, 300px\" \/>\t\t\t\t\t\t\t\t\t\t\t\t\t\t\t<\/div>\n\t\t\t\t<\/div>\n\t\t\t\t<div class=\"elementor-element elementor-element-8c68c23 elementor-widget elementor-widget-text-editor\" data-id=\"8c68c23\" data-element_type=\"widget\" data-widget_type=\"text-editor.default\">\n\t\t\t\t<div class=\"elementor-widget-container\">\n\t\t\t\t\t\t\t\t\t<p><strong><em><span style=\"color: #1c3ecd;\"><br><\/span><\/em><\/strong><\/p>\n<p><strong><em><span style=\"color: #1c3ecd;\">\u00abLos resultados<\/span> en las organizaciones se logran formando <span style=\"color: #1c3ecd;\">grupos de trabajo<\/span> altamente competitivos\u00bb.<\/em><\/strong><\/p>\t\t\t\t\t\t\t\t<\/div>\n\t\t\t\t<\/div>\n\t\t\t\t<\/div>\n\t\t\t\t\t<\/div>\n\t\t\t\t<\/div>\n\t\t<div class=\"elementor-element elementor-element-20c2e80 e-flex e-con-boxed e-con e-parent\" data-id=\"20c2e80\" data-element_type=\"container\">\n\t\t\t\t\t<div class=\"e-con-inner\">\n\t\t\t\t<div class=\"elementor-element elementor-element-137f37d elementor-widget elementor-widget-text-editor\" data-id=\"137f37d\" data-element_type=\"widget\" data-widget_type=\"text-editor.default\">\n\t\t\t\t<div class=\"elementor-widget-container\">\n\t\t\t\t\t\t\t\t\t<h3><span style=\"color: #000000;\"><strong>Preparaci\u00f3n Acad\u00e9mica:<\/strong><\/span><\/h3><ul><li><img decoding=\"async\" class=\"\" src=\"https:\/\/temp.poziksinplea.com\/wp-content\/uploads\/2023\/10\/flechas.png\" width=\"14\" height=\"14\" \/> Maestr\u00eda en Alta Direcci\u00f3n y Negocios.\u00a0<\/li><li><img decoding=\"async\" class=\"\" src=\"https:\/\/temp.poziksinplea.com\/wp-content\/uploads\/2023\/10\/flechas.png\" width=\"14\" height=\"14\" \/> Especialidad en Finanzas Corporativas, Direcci\u00f3n General e Innovaci\u00f3n.<\/li><li><img decoding=\"async\" class=\"\" src=\"https:\/\/temp.poziksinplea.com\/wp-content\/uploads\/2023\/10\/flechas.png\" width=\"14\" height=\"14\" \/> Licenciado en Tecnolog\u00edas de Informaci\u00f3n.<\/li><\/ul><h4><span style=\"color: #000000;\"><strong><img decoding=\"async\" class=\"alignnone wp-image-1246\" src=\"https:\/\/temp.poziksinplea.com\/wp-content\/uploads\/2023\/10\/linkedin.png\" alt=\"\" width=\"20\" height=\"20\" srcset=\"https:\/\/temp.poziksinplea.com\/wp-content\/uploads\/2023\/10\/linkedin.png 100w, https:\/\/temp.poziksinplea.com\/wp-content\/uploads\/2023\/10\/linkedin-50x50.png 50w, https:\/\/temp.poziksinplea.com\/wp-content\/uploads\/2023\/10\/linkedin-75x75.png 75w, https:\/\/temp.poziksinplea.com\/wp-content\/uploads\/2023\/10\/linkedin-85x85.png 85w, https:\/\/temp.poziksinplea.com\/wp-content\/uploads\/2023\/10\/linkedin-80x80.png 80w\" sizes=\"(max-width: 20px) 100vw, 20px\" \/> <\/strong><\/span><a href=\"https:\/\/www.linkedin.com\/in\/fabian-uribarren-51439926\/\"><u>Encu\u00e9ntrame en LinkedIn<\/u><\/a><\/h4>\t\t\t\t\t\t\t\t<\/div>\n\t\t\t\t<\/div>\n\t\t\t\t\t<\/div>\n\t\t\t\t<\/div>\n\t\t<div class=\"elementor-element elementor-element-f0131c4 e-flex e-con-boxed e-con e-parent\" data-id=\"f0131c4\" data-element_type=\"container\" data-settings=\"{&quot;background_background&quot;:&quot;classic&quot;}\">\n\t\t\t\t\t<div class=\"e-con-inner\">\n\t\t<div class=\"elementor-element elementor-element-01d4843 e-con-full e-flex e-con e-child\" data-id=\"01d4843\" data-element_type=\"container\">\n\t\t\t\t<div class=\"elementor-element elementor-element-fa53c9c elementor-align-center elementor-widget elementor-widget-button\" data-id=\"fa53c9c\" data-element_type=\"widget\" data-widget_type=\"button.default\">\n\t\t\t\t<div class=\"elementor-widget-container\">\n\t\t\t\t\t\t\t\t\t<div class=\"elementor-button-wrapper\">\n\t\t\t\t\t<a class=\"elementor-button elementor-button-link elementor-size-sm\" href=\"https:\/\/temp.poziksinplea.com\/index.php\/contact\/\">\n\t\t\t\t\t\t<span class=\"elementor-button-content-wrapper\">\n\t\t\t\t\t\t\t\t\t<span class=\"elementor-button-text\">Agenda tu cita<\/span>\n\t\t\t\t\t<\/span>\n\t\t\t\t\t<\/a>\n\t\t\t\t<\/div>\n\t\t\t\t\t\t\t\t<\/div>\n\t\t\t\t<\/div>\n\t\t\t\t<\/div>\n\t\t<div class=\"elementor-element elementor-element-15acfbc e-con-full e-flex e-con e-child\" data-id=\"15acfbc\" data-element_type=\"container\">\n\t\t\t\t<div class=\"elementor-element elementor-element-baa7a30 elementor-align-center elementor-widget elementor-widget-button\" data-id=\"baa7a30\" data-element_type=\"widget\" data-widget_type=\"button.default\">\n\t\t\t\t<div class=\"elementor-widget-container\">\n\t\t\t\t\t\t\t\t\t<div class=\"elementor-button-wrapper\">\n\t\t\t\t\t<a class=\"elementor-button elementor-button-link elementor-size-sm\" href=\"https:\/\/temp.poziksinplea.com\/index.php\/que-hacemos\/\">\n\t\t\t\t\t\t<span class=\"elementor-button-content-wrapper\">\n\t\t\t\t\t\t\t\t\t<span class=\"elementor-button-text\">\u00bfPor qu\u00e9 trabajar con nosotros?<\/span>\n\t\t\t\t\t<\/span>\n\t\t\t\t\t<\/a>\n\t\t\t\t<\/div>\n\t\t\t\t\t\t\t\t<\/div>\n\t\t\t\t<\/div>\n\t\t\t\t<\/div>\n\t\t\t\t\t<\/div>\n\t\t\t\t<\/div>\n\t\t\t\t<\/div>\n\t\t","protected":false},"excerpt":{"rendered":"<p>\u00a1Hola! Soy Fabi\u00e1n Uribarren\u00a0 Desde muy joven, tuve la oportunidad de ocupar la Direcci\u00f3n General de diversas organizaciones y me apasion\u00f3 el poder inspirar a tanta<span class=\"excerpt-hellip\"> [\u2026]<\/span><\/p>\n","protected":false},"author":1,"featured_media":0,"parent":0,"menu_order":0,"comment_status":"closed","ping_status":"closed","template":"elementor_header_footer","meta":{"footnotes":""},"class_list":["post-130","page","type-page","status-publish","hentry"],"_links":{"self":[{"href":"https:\/\/temp.poziksinplea.com\/index.php\/wp-json\/wp\/v2\/pages\/130","targetHints":{"allow":["GET"]}}],"collection":[{"href":"https:\/\/temp.poziksinplea.com\/index.php\/wp-json\/wp\/v2\/pages"}],"about":[{"href":"https:\/\/temp.poziksinplea.com\/index.php\/wp-json\/wp\/v2\/types\/page"}],"author":[{"embeddable":true,"href":"https:\/\/temp.poziksinplea.com\/index.php\/wp-json\/wp\/v2\/users\/1"}],"replies":[{"embeddable":true,"href":"https:\/\/temp.poziksinplea.com\/index.php\/wp-json\/wp\/v2\/comments?post=130"}],"version-history":[{"count":93,"href":"https:\/\/temp.poziksinplea.com\/index.php\/wp-json\/wp\/v2\/pages\/130\/revisions"}],"predecessor-version":[{"id":1452,"href":"https:\/\/temp.poziksinplea.com\/index.php\/wp-json\/wp\/v2\/pages\/130\/revisions\/1452"}],"wp:attachment":[{"href":"https:\/\/temp.poziksinplea.com\/index.php\/wp-json\/wp\/v2\/media?parent=130"}],"curies":[{"name":"wp","href":"https:\/\/api.w.org\/{rel}","templated":true}]}}