{"id":119,"date":"2023-10-18T05:32:05","date_gmt":"2023-10-18T05:32:05","guid":{"rendered":"https:\/\/poziksinplea.com\/wordpress\/?page_id=119"},"modified":"2024-02-20T15:59:48","modified_gmt":"2024-02-20T15:59:48","slug":"nosotros","status":"publish","type":"page","link":"https:\/\/temp.poziksinplea.com\/index.php\/nosotros\/","title":{"rendered":"Nosotros"},"content":{"rendered":"\t\t<div data-elementor-type=\"wp-page\" data-elementor-id=\"119\" class=\"elementor elementor-119\">\n\t\t\t\t<div class=\"elementor-element elementor-element-ab64a17 e-flex e-con-boxed elementor-invisible e-con e-parent\" data-id=\"ab64a17\" data-element_type=\"container\" data-settings=\"{&quot;animation&quot;:&quot;fadeIn&quot;}\">\n\t\t\t\t\t<div class=\"e-con-inner\">\n\t\t<div class=\"elementor-element elementor-element-5754ed8 e-con-full e-flex e-con e-child\" data-id=\"5754ed8\" data-element_type=\"container\">\n\t\t\t\t<div class=\"elementor-element elementor-element-fca2b26 elementor-widget__width-initial elementor-widget-mobile__width-initial elementor-widget elementor-widget-text-editor\" data-id=\"fca2b26\" data-element_type=\"widget\" data-widget_type=\"text-editor.default\">\n\t\t\t\t<div class=\"elementor-widget-container\">\n\t\t\t\t\t\t\t\t\t<h1>Nuestra historia<\/h1><p>Fundada en 2021, en Pozik &amp; Sinplea nos enfocamos en desafiar las estructuras organizacionales actuales que impiden el cambio y el crecimiento , para poder generar un impacto positivo en las personas y en la sociedad.<\/p><p>Con m\u00e1s de 25 a\u00f1os de experiencia en puestos directivos, ofrecemos experiencia, servicio, personalizaci\u00f3n y confidencialidad.<\/p><p>Nuestros consultores cuentan con capacitaci\u00f3n especializada en implementaci\u00f3n de procesos y metodolog\u00edas como son:<\/p><ul><li><span style=\"color: #1c3ecd;\"><strong><img decoding=\"async\" class=\"wp-image-867 alignnone\" src=\"https:\/\/temp.poziksinplea.com\/wp-content\/uploads\/2023\/10\/flechas.png\" alt=\"\" width=\"14\" height=\"14\" srcset=\"https:\/\/temp.poziksinplea.com\/wp-content\/uploads\/2023\/10\/flechas.png 100w, https:\/\/temp.poziksinplea.com\/wp-content\/uploads\/2023\/10\/flechas-50x50.png 50w, https:\/\/temp.poziksinplea.com\/wp-content\/uploads\/2023\/10\/flechas-75x75.png 75w, https:\/\/temp.poziksinplea.com\/wp-content\/uploads\/2023\/10\/flechas-85x85.png 85w, https:\/\/temp.poziksinplea.com\/wp-content\/uploads\/2023\/10\/flechas-80x80.png 80w\" sizes=\"(max-width: 14px) 100vw, 14px\" \/>\u00a0State of Readiness<\/strong><\/span><\/li><li><span style=\"color: #1c3ecd;\"><strong> <img decoding=\"async\" class=\"wp-image-867 alignnone\" src=\"https:\/\/temp.poziksinplea.com\/wp-content\/uploads\/2023\/10\/flechas.png\" alt=\"\" width=\"14\" height=\"14\" srcset=\"https:\/\/temp.poziksinplea.com\/wp-content\/uploads\/2023\/10\/flechas.png 100w, https:\/\/temp.poziksinplea.com\/wp-content\/uploads\/2023\/10\/flechas-50x50.png 50w, https:\/\/temp.poziksinplea.com\/wp-content\/uploads\/2023\/10\/flechas-75x75.png 75w, https:\/\/temp.poziksinplea.com\/wp-content\/uploads\/2023\/10\/flechas-85x85.png 85w, https:\/\/temp.poziksinplea.com\/wp-content\/uploads\/2023\/10\/flechas-80x80.png 80w\" sizes=\"(max-width: 14px) 100vw, 14px\" \/> Balance Scorecard<\/strong><\/span><\/li><li><span style=\"color: #1c3ecd;\"><strong> <img decoding=\"async\" class=\"wp-image-867 alignnone\" src=\"https:\/\/temp.poziksinplea.com\/wp-content\/uploads\/2023\/10\/flechas.png\" alt=\"\" width=\"14\" height=\"14\" srcset=\"https:\/\/temp.poziksinplea.com\/wp-content\/uploads\/2023\/10\/flechas.png 100w, https:\/\/temp.poziksinplea.com\/wp-content\/uploads\/2023\/10\/flechas-50x50.png 50w, https:\/\/temp.poziksinplea.com\/wp-content\/uploads\/2023\/10\/flechas-75x75.png 75w, https:\/\/temp.poziksinplea.com\/wp-content\/uploads\/2023\/10\/flechas-85x85.png 85w, https:\/\/temp.poziksinplea.com\/wp-content\/uploads\/2023\/10\/flechas-80x80.png 80w\" sizes=\"(max-width: 14px) 100vw, 14px\" \/> Diversos ISO seg\u00fan aplique<\/strong><\/span><\/li><li><span style=\"color: #1c3ecd;\"><strong> <img decoding=\"async\" class=\"wp-image-867 alignnone\" src=\"https:\/\/temp.poziksinplea.com\/wp-content\/uploads\/2023\/10\/flechas.png\" alt=\"\" width=\"14\" height=\"14\" srcset=\"https:\/\/temp.poziksinplea.com\/wp-content\/uploads\/2023\/10\/flechas.png 100w, https:\/\/temp.poziksinplea.com\/wp-content\/uploads\/2023\/10\/flechas-50x50.png 50w, https:\/\/temp.poziksinplea.com\/wp-content\/uploads\/2023\/10\/flechas-75x75.png 75w, https:\/\/temp.poziksinplea.com\/wp-content\/uploads\/2023\/10\/flechas-85x85.png 85w, https:\/\/temp.poziksinplea.com\/wp-content\/uploads\/2023\/10\/flechas-80x80.png 80w\" sizes=\"(max-width: 14px) 100vw, 14px\" \/> HACCP<\/strong><\/span><\/li><li><span style=\"color: #1c3ecd;\"><strong> <img decoding=\"async\" class=\"wp-image-867 alignnone\" src=\"https:\/\/temp.poziksinplea.com\/wp-content\/uploads\/2023\/10\/flechas.png\" alt=\"\" width=\"14\" height=\"14\" srcset=\"https:\/\/temp.poziksinplea.com\/wp-content\/uploads\/2023\/10\/flechas.png 100w, https:\/\/temp.poziksinplea.com\/wp-content\/uploads\/2023\/10\/flechas-50x50.png 50w, https:\/\/temp.poziksinplea.com\/wp-content\/uploads\/2023\/10\/flechas-75x75.png 75w, https:\/\/temp.poziksinplea.com\/wp-content\/uploads\/2023\/10\/flechas-85x85.png 85w, https:\/\/temp.poziksinplea.com\/wp-content\/uploads\/2023\/10\/flechas-80x80.png 80w\" sizes=\"(max-width: 14px) 100vw, 14px\" \/> COSO<\/strong><\/span><\/li><\/ul>\t\t\t\t\t\t\t\t<\/div>\n\t\t\t\t<\/div>\n\t\t\t\t<\/div>\n\t\t<div class=\"elementor-element elementor-element-e67c863 e-con-full e-flex e-con e-child\" data-id=\"e67c863\" data-element_type=\"container\">\n\t\t\t\t<div class=\"elementor-element elementor-element-ff411e4 elementor-widget elementor-widget-image\" data-id=\"ff411e4\" data-element_type=\"widget\" data-widget_type=\"image.default\">\n\t\t\t\t<div class=\"elementor-widget-container\">\n\t\t\t\t\t\t\t\t\t\t\t\t\t\t\t\t<a href=\"https:\/\/temp.poziksinplea.com\/index.php\/fabian-uribarren\/\">\n\t\t\t\t\t\t\t<img decoding=\"async\" src=\"https:\/\/temp.poziksinplea.com\/wp-content\/uploads\/elementor\/thumbs\/layer-interior-1-qk3e8sn44f2gewnf0qv2io0a2j144tnqdv0yk4onb4.png\" title=\"layer-interior\" alt=\"layer-interior\" loading=\"lazy\" \/>\t\t\t\t\t\t\t\t<\/a>\n\t\t\t\t\t\t\t\t\t\t\t\t\t\t\t<\/div>\n\t\t\t\t<\/div>\n\t\t\t\t<\/div>\n\t\t\t\t\t<\/div>\n\t\t\t\t<\/div>\n\t\t<div class=\"elementor-element elementor-element-c342bc7 e-flex e-con-boxed elementor-invisible e-con e-parent\" data-id=\"c342bc7\" data-element_type=\"container\" data-settings=\"{&quot;animation&quot;:&quot;fadeIn&quot;}\">\n\t\t\t\t\t<div class=\"e-con-inner\">\n\t\t\t\t<div class=\"elementor-element elementor-element-4ffd941 elementor-widget elementor-widget-heading\" data-id=\"4ffd941\" data-element_type=\"widget\" data-widget_type=\"heading.default\">\n\t\t\t\t<div class=\"elementor-widget-container\">\n\t\t\t\t\t<h2 class=\"elementor-heading-title elementor-size-default\">\u00bfPor qu\u00e9 trabajar con nosotros?<\/h2>\t\t\t\t<\/div>\n\t\t\t\t<\/div>\n\t\t\t\t\t<\/div>\n\t\t\t\t<\/div>\n\t\t<div class=\"elementor-element elementor-element-53ef6816 e-flex e-con-boxed e-con e-parent\" data-id=\"53ef6816\" data-element_type=\"container\">\n\t\t\t\t\t<div class=\"e-con-inner\">\n\t\t<div class=\"elementor-element elementor-element-567a83d2 e-con-full e-flex e-con e-child\" data-id=\"567a83d2\" data-element_type=\"container\">\n\t\t\t\t<div class=\"elementor-element elementor-element-27fb7187 elementor-position-top elementor-widget elementor-widget-image-box\" data-id=\"27fb7187\" data-element_type=\"widget\" data-widget_type=\"image-box.default\">\n\t\t\t\t<div class=\"elementor-widget-container\">\n\t\t\t\t\t<div class=\"elementor-image-box-wrapper\"><figure class=\"elementor-image-box-img\"><img decoding=\"async\" width=\"150\" height=\"150\" src=\"https:\/\/temp.poziksinplea.com\/wp-content\/uploads\/2023\/10\/Experiencia.png\" class=\"elementor-animation-grow attachment-full size-full wp-image-98\" alt=\"\" srcset=\"https:\/\/temp.poziksinplea.com\/wp-content\/uploads\/2023\/10\/Experiencia.png 150w, https:\/\/temp.poziksinplea.com\/wp-content\/uploads\/2023\/10\/Experiencia-146x146.png 146w, https:\/\/temp.poziksinplea.com\/wp-content\/uploads\/2023\/10\/Experiencia-50x50.png 50w, https:\/\/temp.poziksinplea.com\/wp-content\/uploads\/2023\/10\/Experiencia-75x75.png 75w, https:\/\/temp.poziksinplea.com\/wp-content\/uploads\/2023\/10\/Experiencia-85x85.png 85w, https:\/\/temp.poziksinplea.com\/wp-content\/uploads\/2023\/10\/Experiencia-80x80.png 80w\" sizes=\"(max-width: 150px) 100vw, 150px\" \/><\/figure><div class=\"elementor-image-box-content\"><h3 class=\"elementor-image-box-title\">Experiencia<\/h3><p class=\"elementor-image-box-description\">Estamos comprometidos en ofrecerte un servicio de alta calidad, guiando a tu organizaci\u00f3n hacia el \u00e9xito y superando tus expectativas en cada paso.<\/p><\/div><\/div>\t\t\t\t<\/div>\n\t\t\t\t<\/div>\n\t\t\t\t<\/div>\n\t\t<div class=\"elementor-element elementor-element-ea47c5a e-con-full e-flex e-con e-child\" data-id=\"ea47c5a\" data-element_type=\"container\">\n\t\t\t\t<div class=\"elementor-element elementor-element-63d8113d elementor-position-top elementor-widget elementor-widget-image-box\" data-id=\"63d8113d\" data-element_type=\"widget\" data-widget_type=\"image-box.default\">\n\t\t\t\t<div class=\"elementor-widget-container\">\n\t\t\t\t\t<div class=\"elementor-image-box-wrapper\"><figure class=\"elementor-image-box-img\"><img decoding=\"async\" width=\"150\" height=\"150\" src=\"https:\/\/temp.poziksinplea.com\/wp-content\/uploads\/2023\/10\/servicio-1.png\" class=\"elementor-animation-grow attachment-full size-full wp-image-227\" alt=\"\" srcset=\"https:\/\/temp.poziksinplea.com\/wp-content\/uploads\/2023\/10\/servicio-1.png 150w, https:\/\/temp.poziksinplea.com\/wp-content\/uploads\/2023\/10\/servicio-1-146x146.png 146w, https:\/\/temp.poziksinplea.com\/wp-content\/uploads\/2023\/10\/servicio-1-50x50.png 50w, https:\/\/temp.poziksinplea.com\/wp-content\/uploads\/2023\/10\/servicio-1-75x75.png 75w, https:\/\/temp.poziksinplea.com\/wp-content\/uploads\/2023\/10\/servicio-1-85x85.png 85w, https:\/\/temp.poziksinplea.com\/wp-content\/uploads\/2023\/10\/servicio-1-80x80.png 80w\" sizes=\"(max-width: 150px) 100vw, 150px\" \/><\/figure><div class=\"elementor-image-box-content\"><h3 class=\"elementor-image-box-title\">Servicio<\/h3><p class=\"elementor-image-box-description\">Tu empresa merece el conocimiento de expertos. Contamos con un historial comprobado de resultados y una s\u00f3lida experiencia en el \u00e1mbito de la consultor\u00eda. <\/p><\/div><\/div>\t\t\t\t<\/div>\n\t\t\t\t<\/div>\n\t\t\t\t<\/div>\n\t\t<div class=\"elementor-element elementor-element-266b85be e-con-full e-flex e-con e-child\" data-id=\"266b85be\" data-element_type=\"container\">\n\t\t\t\t<div class=\"elementor-element elementor-element-78658e32 elementor-position-top elementor-widget elementor-widget-image-box\" data-id=\"78658e32\" data-element_type=\"widget\" data-widget_type=\"image-box.default\">\n\t\t\t\t<div class=\"elementor-widget-container\">\n\t\t\t\t\t<div class=\"elementor-image-box-wrapper\"><figure class=\"elementor-image-box-img\"><img loading=\"lazy\" decoding=\"async\" width=\"150\" height=\"150\" src=\"https:\/\/temp.poziksinplea.com\/wp-content\/uploads\/2023\/10\/personalizacion.png\" class=\"elementor-animation-grow attachment-full size-full wp-image-100\" alt=\"\" srcset=\"https:\/\/temp.poziksinplea.com\/wp-content\/uploads\/2023\/10\/personalizacion.png 150w, https:\/\/temp.poziksinplea.com\/wp-content\/uploads\/2023\/10\/personalizacion-146x146.png 146w, https:\/\/temp.poziksinplea.com\/wp-content\/uploads\/2023\/10\/personalizacion-50x50.png 50w, https:\/\/temp.poziksinplea.com\/wp-content\/uploads\/2023\/10\/personalizacion-75x75.png 75w, https:\/\/temp.poziksinplea.com\/wp-content\/uploads\/2023\/10\/personalizacion-85x85.png 85w, https:\/\/temp.poziksinplea.com\/wp-content\/uploads\/2023\/10\/personalizacion-80x80.png 80w\" sizes=\"(max-width: 150px) 100vw, 150px\" \/><\/figure><div class=\"elementor-image-box-content\"><h3 class=\"elementor-image-box-title\">Personalizaci\u00f3n<\/h3><p class=\"elementor-image-box-description\">Cada empresa es \u00fanica, y as\u00ed lo entendemos. Ofrecemos servicios que se adaptan a tus necesidades espec\u00edficas, garantizando soluciones a la medida.<\/p><\/div><\/div>\t\t\t\t<\/div>\n\t\t\t\t<\/div>\n\t\t\t\t<\/div>\n\t\t<div class=\"elementor-element elementor-element-15bdddde e-con-full e-flex e-con e-child\" data-id=\"15bdddde\" data-element_type=\"container\">\n\t\t\t\t<div class=\"elementor-element elementor-element-3afd1d1e elementor-position-top elementor-widget elementor-widget-image-box\" data-id=\"3afd1d1e\" data-element_type=\"widget\" data-widget_type=\"image-box.default\">\n\t\t\t\t<div class=\"elementor-widget-container\">\n\t\t\t\t\t<div class=\"elementor-image-box-wrapper\"><figure class=\"elementor-image-box-img\"><img loading=\"lazy\" decoding=\"async\" width=\"150\" height=\"150\" src=\"https:\/\/temp.poziksinplea.com\/wp-content\/uploads\/2023\/10\/confidencialidad.png\" class=\"elementor-animation-grow attachment-full size-full wp-image-99\" alt=\"\" srcset=\"https:\/\/temp.poziksinplea.com\/wp-content\/uploads\/2023\/10\/confidencialidad.png 150w, https:\/\/temp.poziksinplea.com\/wp-content\/uploads\/2023\/10\/confidencialidad-146x146.png 146w, https:\/\/temp.poziksinplea.com\/wp-content\/uploads\/2023\/10\/confidencialidad-50x50.png 50w, https:\/\/temp.poziksinplea.com\/wp-content\/uploads\/2023\/10\/confidencialidad-75x75.png 75w, https:\/\/temp.poziksinplea.com\/wp-content\/uploads\/2023\/10\/confidencialidad-85x85.png 85w, https:\/\/temp.poziksinplea.com\/wp-content\/uploads\/2023\/10\/confidencialidad-80x80.png 80w\" sizes=\"(max-width: 150px) 100vw, 150px\" \/><\/figure><div class=\"elementor-image-box-content\"><h3 class=\"elementor-image-box-title\">Confidencialidad<\/h3><p class=\"elementor-image-box-description\">Mantenemos la informaci\u00f3n y detalles de tu negocio bajo estricta confidencialidad, protegiendo tus intereses y datos en todo momento.<\/p><\/div><\/div>\t\t\t\t<\/div>\n\t\t\t\t<\/div>\n\t\t\t\t<\/div>\n\t\t\t\t\t<\/div>\n\t\t\t\t<\/div>\n\t\t<div class=\"elementor-element elementor-element-d387263 e-flex e-con-boxed elementor-invisible e-con e-parent\" data-id=\"d387263\" data-element_type=\"container\" data-settings=\"{&quot;background_background&quot;:&quot;classic&quot;,&quot;animation&quot;:&quot;fadeInLeft&quot;}\">\n\t\t\t\t\t<div class=\"e-con-inner\">\n\t\t<div class=\"elementor-element elementor-element-db6bc85 e-con-full e-flex e-con e-child\" data-id=\"db6bc85\" data-element_type=\"container\">\n\t\t\t\t<div class=\"elementor-element elementor-element-95cf1f1 elementor-widget elementor-widget-image\" data-id=\"95cf1f1\" data-element_type=\"widget\" data-widget_type=\"image.default\">\n\t\t\t\t<div class=\"elementor-widget-container\">\n\t\t\t\t\t\t\t\t\t\t\t\t\t\t\t<img loading=\"lazy\" decoding=\"async\" width=\"600\" height=\"500\" src=\"https:\/\/temp.poziksinplea.com\/wp-content\/uploads\/2023\/10\/misionyvision.png\" class=\"attachment-medium_large size-medium_large wp-image-875\" alt=\"\" srcset=\"https:\/\/temp.poziksinplea.com\/wp-content\/uploads\/2023\/10\/misionyvision.png 600w, https:\/\/temp.poziksinplea.com\/wp-content\/uploads\/2023\/10\/misionyvision-300x250.png 300w, https:\/\/temp.poziksinplea.com\/wp-content\/uploads\/2023\/10\/misionyvision-175x146.png 175w, https:\/\/temp.poziksinplea.com\/wp-content\/uploads\/2023\/10\/misionyvision-50x42.png 50w, https:\/\/temp.poziksinplea.com\/wp-content\/uploads\/2023\/10\/misionyvision-90x75.png 90w\" sizes=\"(max-width: 600px) 100vw, 600px\" \/>\t\t\t\t\t\t\t\t\t\t\t\t\t\t\t<\/div>\n\t\t\t\t<\/div>\n\t\t\t\t<\/div>\n\t\t<div class=\"elementor-element elementor-element-10d74c3 e-con-full e-flex e-con e-child\" data-id=\"10d74c3\" data-element_type=\"container\">\n\t\t\t\t<div class=\"elementor-element elementor-element-15078e5 elementor-widget__width-initial elementor-widget elementor-widget-text-editor\" data-id=\"15078e5\" data-element_type=\"widget\" data-widget_type=\"text-editor.default\">\n\t\t\t\t<div class=\"elementor-widget-container\">\n\t\t\t\t\t\t\t\t\t<h3><span style=\"color: #1c3ecd;\"><strong>Misi\u00f3n<\/strong><\/span><\/h3><p>Inspirar a todo empresario y directivo de toda organizaci\u00f3n a ser mejores.<\/p>\t\t\t\t\t\t\t\t<\/div>\n\t\t\t\t<\/div>\n\t\t\t\t<div class=\"elementor-element elementor-element-e6ee34b elementor-widget-divider--view-line elementor-widget elementor-widget-divider\" data-id=\"e6ee34b\" data-element_type=\"widget\" data-widget_type=\"divider.default\">\n\t\t\t\t<div class=\"elementor-widget-container\">\n\t\t\t\t\t\t\t<div class=\"elementor-divider\">\n\t\t\t<span class=\"elementor-divider-separator\">\n\t\t\t\t\t\t<\/span>\n\t\t<\/div>\n\t\t\t\t\t\t<\/div>\n\t\t\t\t<\/div>\n\t\t\t\t<div class=\"elementor-element elementor-element-c7c5625 elementor-widget__width-initial elementor-widget elementor-widget-text-editor\" data-id=\"c7c5625\" data-element_type=\"widget\" data-widget_type=\"text-editor.default\">\n\t\t\t\t<div class=\"elementor-widget-container\">\n\t\t\t\t\t\t\t\t\t<h3><span style=\"color: #1c3ecd;\"><strong>Visi\u00f3n<\/strong><\/span><\/h3><p>Ser la primera opci\u00f3n para las empresas en la creaci\u00f3n del \u201cState of Readiness\u201d y as\u00ed logar una verdadera transformaci\u00f3n organizacional.<\/p>\t\t\t\t\t\t\t\t<\/div>\n\t\t\t\t<\/div>\n\t\t\t\t<\/div>\n\t\t\t\t\t<\/div>\n\t\t\t\t<\/div>\n\t\t\t\t<\/div>\n\t\t","protected":false},"excerpt":{"rendered":"<p>Nuestra historia Fundada en 2021, en Pozik &amp; Sinplea nos enfocamos en desafiar las estructuras organizacionales actuales que impiden el cambio y el crecimiento , para<span class=\"excerpt-hellip\"> [\u2026]<\/span><\/p>\n","protected":false},"author":1,"featured_media":0,"parent":0,"menu_order":0,"comment_status":"closed","ping_status":"closed","template":"elementor_header_footer","meta":{"footnotes":""},"class_list":["post-119","page","type-page","status-publish","hentry"],"_links":{"self":[{"href":"https:\/\/temp.poziksinplea.com\/index.php\/wp-json\/wp\/v2\/pages\/119","targetHints":{"allow":["GET"]}}],"collection":[{"href":"https:\/\/temp.poziksinplea.com\/index.php\/wp-json\/wp\/v2\/pages"}],"about":[{"href":"https:\/\/temp.poziksinplea.com\/index.php\/wp-json\/wp\/v2\/types\/page"}],"author":[{"embeddable":true,"href":"https:\/\/temp.poziksinplea.com\/index.php\/wp-json\/wp\/v2\/users\/1"}],"replies":[{"embeddable":true,"href":"https:\/\/temp.poziksinplea.com\/index.php\/wp-json\/wp\/v2\/comments?post=119"}],"version-history":[{"count":190,"href":"https:\/\/temp.poziksinplea.com\/index.php\/wp-json\/wp\/v2\/pages\/119\/revisions"}],"predecessor-version":[{"id":1455,"href":"https:\/\/temp.poziksinplea.com\/index.php\/wp-json\/wp\/v2\/pages\/119\/revisions\/1455"}],"wp:attachment":[{"href":"https:\/\/temp.poziksinplea.com\/index.php\/wp-json\/wp\/v2\/media?parent=119"}],"curies":[{"name":"wp","href":"https:\/\/api.w.org\/{rel}","templated":true}]}}